{"id":189,"date":"2023-11-17T00:02:50","date_gmt":"2023-11-17T00:02:50","guid":{"rendered":"https:\/\/agrotechnica.ro\/?page_id=189"},"modified":"2023-12-07T12:06:37","modified_gmt":"2023-12-07T12:06:37","slug":"despre","status":"publish","type":"page","link":"https:\/\/agrotechnica.ro\/en\/despre\/","title":{"rendered":"Despre"},"content":{"rendered":"<div data-elementor-type=\"wp-page\" data-elementor-id=\"189\" class=\"elementor elementor-189\">\n\t\t\t\t\t\t\t\t\t<section class=\"elementor-section elementor-top-section elementor-element elementor-element-489834fc elementor-section-boxed elementor-section-height-default elementor-section-height-default\" data-id=\"489834fc\" data-element_type=\"section\" data-settings=\"{&quot;background_background&quot;:&quot;classic&quot;}\">\n\t\t\t\t\t\t<div class=\"elementor-container elementor-column-gap-default\">\n\t\t\t\t\t<div class=\"elementor-column elementor-col-100 elementor-top-column elementor-element elementor-element-77bda66b\" data-id=\"77bda66b\" data-element_type=\"column\">\n\t\t\t<div class=\"elementor-widget-wrap\">\n\t\t\t\t\t\t\t\t\t<\/div>\n\t\t<\/div>\n\t\t\t\t\t\t\t<\/div>\n\t\t<\/section>\n\t\t\t\t<section class=\"elementor-section elementor-top-section elementor-element elementor-element-7e1a4b9f elementor-section-boxed elementor-section-height-default elementor-section-height-default\" data-id=\"7e1a4b9f\" data-element_type=\"section\">\n\t\t\t\t\t\t<div class=\"elementor-container elementor-column-gap-default\">\n\t\t\t\t\t<div class=\"elementor-column elementor-col-100 elementor-top-column elementor-element elementor-element-73d0a160\" data-id=\"73d0a160\" data-element_type=\"column\" data-settings=\"{&quot;background_background&quot;:&quot;classic&quot;}\">\n\t\t\t<div class=\"elementor-widget-wrap elementor-element-populated\">\n\t\t\t\t\t\t\t\t<div class=\"elementor-element elementor-element-6cf70b0d elementor-widget elementor-widget-heading\" data-id=\"6cf70b0d\" data-element_type=\"widget\" data-widget_type=\"heading.default\">\n\t\t\t\t<div class=\"elementor-widget-container\">\n\t\t\t<style>\/*! elementor - v3.18.0 - 20-12-2023 *\/\n.elementor-heading-title{padding:0;margin:0;line-height:1}.elementor-widget-heading .elementor-heading-title[class*=elementor-size-]>a{color:inherit;font-size:inherit;line-height:inherit}.elementor-widget-heading .elementor-heading-title.elementor-size-small{font-size:15px}.elementor-widget-heading .elementor-heading-title.elementor-size-medium{font-size:19px}.elementor-widget-heading .elementor-heading-title.elementor-size-large{font-size:29px}.elementor-widget-heading .elementor-heading-title.elementor-size-xl{font-size:39px}.elementor-widget-heading .elementor-heading-title.elementor-size-xxl{font-size:59px}<\/style><h1 class=\"elementor-heading-title elementor-size-default\">about us<\/h1>\t\t<\/div>\n\t\t\t\t<\/div>\n\t\t\t\t<div class=\"elementor-element elementor-element-161f7a4d elementor-widget elementor-widget-text-editor\" data-id=\"161f7a4d\" data-element_type=\"widget\" data-widget_type=\"text-editor.default\">\n\t\t\t\t<div class=\"elementor-widget-container\">\n\t\t\t<style>\/*! elementor - v3.18.0 - 20-12-2023 *\/\n.elementor-widget-text-editor.elementor-drop-cap-view-stacked .elementor-drop-cap{background-color:#69727d;color:#fff}.elementor-widget-text-editor.elementor-drop-cap-view-framed .elementor-drop-cap{color:#69727d;border:3px solid;background-color:transparent}.elementor-widget-text-editor:not(.elementor-drop-cap-view-default) .elementor-drop-cap{margin-top:8px}.elementor-widget-text-editor:not(.elementor-drop-cap-view-default) .elementor-drop-cap-letter{width:1em;height:1em}.elementor-widget-text-editor .elementor-drop-cap{float:left;text-align:center;line-height:1;font-size:50px}.elementor-widget-text-editor .elementor-drop-cap-letter{display:inline-block}<\/style>\t\t\t\t<p>We are a young company with a human capital trained in the most prestigious universities in the country and abroad, equipped with a solid foundation of information and knowledge to efficiently address the most demanding challenges in our field of activity.<\/p>\t\t\t\t\t\t<\/div>\n\t\t\t\t<\/div>\n\t\t\t\t<div class=\"elementor-element elementor-element-7f86e360 elementor-widget elementor-widget-heading\" data-id=\"7f86e360\" data-element_type=\"widget\" data-widget_type=\"heading.default\">\n\t\t\t\t<div class=\"elementor-widget-container\">\n\t\t\t<h6 class=\"elementor-heading-title elementor-size-default\">Dan Cotici<\/h6>\t\t<\/div>\n\t\t\t\t<\/div>\n\t\t\t\t<div class=\"elementor-element elementor-element-775ec970 elementor-widget elementor-widget-text-editor\" data-id=\"775ec970\" data-element_type=\"widget\" data-widget_type=\"text-editor.default\">\n\t\t\t\t<div class=\"elementor-widget-container\">\n\t\t\t\t\t\t\tCEO &#038; Founder\t\t\t\t\t\t<\/div>\n\t\t\t\t<\/div>\n\t\t\t\t<div class=\"elementor-element elementor-element-ad3a4a8 elementor-widget-elementskit-dual-button-center elementor-widget elementor-widget-elementskit-dual-button\" data-id=\"ad3a4a8\" data-element_type=\"widget\" data-widget_type=\"elementskit-dual-button.default\">\n\t\t\t\t<div class=\"elementor-widget-container\">\n\t\t\t<div class=\"ekit-wid-con\" >\n                <div class=\"ekit-element-align-wrapper\">\n                    <div class=\"ekit_double_button\">                <a class=\"ekit-double-btn ekit-double-btn-one\" href=\"tel:  40 799 599 299\">\n                    +40 799 599 299                <\/a>\n            \n            <a class=\"ekit-double-btn ekit-double-btn-two\" href=\"tel:  40 799 094 490\">\n                    +40 799 094 490                <\/a>\n                  <\/div>\n                <\/div>\n            <\/div>\t\t<\/div>\n\t\t\t\t<\/div>\n\t\t\t\t\t<\/div>\n\t\t<\/div>\n\t\t\t\t\t\t\t<\/div>\n\t\t<\/section>\n\t\t\t\t<section class=\"elementor-section elementor-top-section elementor-element elementor-element-2f53681d elementor-section-boxed elementor-section-height-default elementor-section-height-default\" data-id=\"2f53681d\" data-element_type=\"section\">\n\t\t\t\t\t\t<div class=\"elementor-container elementor-column-gap-default\">\n\t\t\t\t\t<div class=\"elementor-column elementor-col-50 elementor-top-column elementor-element elementor-element-645cf79b elementor-hidden-tablet elementor-hidden-mobile\" data-id=\"645cf79b\" data-element_type=\"column\" data-settings=\"{&quot;background_background&quot;:&quot;classic&quot;}\">\n\t\t\t<div class=\"elementor-widget-wrap\">\n\t\t\t\t\t\t\t\t\t<\/div>\n\t\t<\/div>\n\t\t\t\t<div class=\"elementor-column elementor-col-50 elementor-top-column elementor-element elementor-element-537c3def\" data-id=\"537c3def\" data-element_type=\"column\">\n\t\t\t<div class=\"elementor-widget-wrap elementor-element-populated\">\n\t\t\t\t\t\t\t\t<div class=\"elementor-element elementor-element-52674f34 elementor-widget elementor-widget-text-editor\" data-id=\"52674f34\" data-element_type=\"widget\" data-widget_type=\"text-editor.default\">\n\t\t\t\t<div class=\"elementor-widget-container\">\n\t\t\t\t\t\t\t<p>INTRODUCTION<\/p>\t\t\t\t\t\t<\/div>\n\t\t\t\t<\/div>\n\t\t\t\t<div class=\"elementor-element elementor-element-772409fc elementor-widget elementor-widget-heading\" data-id=\"772409fc\" data-element_type=\"widget\" data-widget_type=\"heading.default\">\n\t\t\t\t<div class=\"elementor-widget-container\">\n\t\t\t<h2 class=\"elementor-heading-title elementor-size-default\">ABOUT AGROTECHNICA SUD CONSULT<\/h2>\t\t<\/div>\n\t\t\t\t<\/div>\n\t\t\t\t<div class=\"elementor-element elementor-element-89d05d4 elementor-hidden-desktop elementor-hidden-tablet_extra elementor-widget elementor-widget-image\" data-id=\"89d05d4\" data-element_type=\"widget\" data-widget_type=\"image.default\">\n\t\t\t\t<div class=\"elementor-widget-container\">\n\t\t\t<style>\/*! elementor - v3.18.0 - 20-12-2023 *\/\n.elementor-widget-image{text-align:center}.elementor-widget-image a{display:inline-block}.elementor-widget-image a img[src$=\".svg\"]{width:48px}.elementor-widget-image img{vertical-align:middle;display:inline-block}<\/style>\t\t\t\t\t\t\t\t\t\t\t\t<img fetchpriority=\"high\" decoding=\"async\" width=\"800\" height=\"458\" src=\"https:\/\/agrotechnica.ro\/wp-content\/uploads\/2023\/11\/Screenshot-2023-11-28-at-13.28.24-1024x586.png\" class=\"attachment-large size-large wp-image-502\" alt=\"\" srcset=\"https:\/\/agrotechnica.ro\/wp-content\/uploads\/2023\/11\/Screenshot-2023-11-28-at-13.28.24-1024x586.png 1024w, https:\/\/agrotechnica.ro\/wp-content\/uploads\/2023\/11\/Screenshot-2023-11-28-at-13.28.24-300x172.png 300w, https:\/\/agrotechnica.ro\/wp-content\/uploads\/2023\/11\/Screenshot-2023-11-28-at-13.28.24-768x440.png 768w, https:\/\/agrotechnica.ro\/wp-content\/uploads\/2023\/11\/Screenshot-2023-11-28-at-13.28.24-1536x879.png 1536w, https:\/\/agrotechnica.ro\/wp-content\/uploads\/2023\/11\/Screenshot-2023-11-28-at-13.28.24.png 1964w\" sizes=\"(max-width: 800px) 100vw, 800px\" \/>\t\t\t\t\t\t\t\t\t\t\t\t\t\t\t<\/div>\n\t\t\t\t<\/div>\n\t\t\t\t<div class=\"elementor-element elementor-element-6ba9c249 elementor-widget elementor-widget-text-editor\" data-id=\"6ba9c249\" data-element_type=\"widget\" data-widget_type=\"text-editor.default\">\n\t\t\t\t<div class=\"elementor-widget-container\">\n\t\t\t\t\t\t\t<div class=\"p-3cv4354 pagelayer-heading\"><div class=\"pagelayer-heading-holder\"><p>Our team is ambitious, continuously improving, and up-to-date with the latest innovations and technologies used in the field.<\/p><\/div><\/div><div class=\"p-zxk3055 pagelayer-heading\"><div class=\"pagelayer-heading-holder\"><p>In all phases of a project initiated by the client, our company can deliver various solutions and services promptly, from the initial phase to execution, including reception.<\/p><\/div><\/div>\t\t\t\t\t\t<\/div>\n\t\t\t\t<\/div>\n\t\t\t\t\t<\/div>\n\t\t<\/div>\n\t\t\t\t\t\t\t<\/div>\n\t\t<\/section>\n\t\t\t\t<section class=\"elementor-section elementor-top-section elementor-element elementor-element-6afcf2b elementor-section-full_width elementor-section-height-default elementor-section-height-default\" data-id=\"6afcf2b\" data-element_type=\"section\" data-settings=\"{&quot;background_background&quot;:&quot;classic&quot;}\">\n\t\t\t\t\t\t<div class=\"elementor-container elementor-column-gap-default\">\n\t\t\t\t\t<div class=\"elementor-column elementor-col-100 elementor-top-column elementor-element elementor-element-9f69fc3\" data-id=\"9f69fc3\" data-element_type=\"column\">\n\t\t\t<div class=\"elementor-widget-wrap elementor-element-populated\">\n\t\t\t\t\t\t\t\t<section class=\"elementor-section elementor-inner-section elementor-element elementor-element-bcce00b elementor-section-boxed elementor-section-height-default elementor-section-height-default\" data-id=\"bcce00b\" data-element_type=\"section\">\n\t\t\t\t\t\t<div class=\"elementor-container elementor-column-gap-default\">\n\t\t\t\t\t<div class=\"elementor-column elementor-col-100 elementor-inner-column elementor-element elementor-element-45ea7e1\" data-id=\"45ea7e1\" data-element_type=\"column\">\n\t\t\t<div class=\"elementor-widget-wrap elementor-element-populated\">\n\t\t\t\t\t\t\t\t<div class=\"elementor-element elementor-element-e5388e1 elementor-widget elementor-widget-heading\" data-id=\"e5388e1\" data-element_type=\"widget\" data-widget_type=\"heading.default\">\n\t\t\t\t<div class=\"elementor-widget-container\">\n\t\t\t<div class=\"elementor-heading-title elementor-size-default\">To get to know us<\/div>\t\t<\/div>\n\t\t\t\t<\/div>\n\t\t\t\t<div class=\"elementor-element elementor-element-8cea892 elementor-widget elementor-widget-heading\" data-id=\"8cea892\" data-element_type=\"widget\" data-widget_type=\"heading.default\">\n\t\t\t\t<div class=\"elementor-widget-container\">\n\t\t\t<h6 class=\"elementor-heading-title elementor-size-default\">we present you our team<\/h6>\t\t<\/div>\n\t\t\t\t<\/div>\n\t\t\t\t\t<\/div>\n\t\t<\/div>\n\t\t\t\t\t\t\t<\/div>\n\t\t<\/section>\n\t\t\t\t<section class=\"elementor-section elementor-inner-section elementor-element elementor-element-c0d70a1 elementor-section-boxed elementor-section-height-default elementor-section-height-default\" data-id=\"c0d70a1\" data-element_type=\"section\">\n\t\t\t\t\t\t<div class=\"elementor-container elementor-column-gap-default\">\n\t\t\t\t\t<div class=\"elementor-column elementor-col-25 elementor-inner-column elementor-element elementor-element-5b2b37c\" data-id=\"5b2b37c\" data-element_type=\"column\">\n\t\t\t<div class=\"elementor-widget-wrap elementor-element-populated\">\n\t\t\t\t\t\t\t\t<div class=\"elementor-element elementor-element-8e87604 elementor-widget elementor-widget-elementskit-team\" data-id=\"8e87604\" data-element_type=\"widget\" data-widget_type=\"elementskit-team.default\">\n\t\t\t\t<div class=\"elementor-widget-container\">\n\t\t\t<div class=\"ekit-wid-con\">\t\t <div class=\"profile-square-v\"> \t\t\t\t\t\t\n\t\t<div class=\"profile-card elementor-animation- text-center ekit-team-style-centered_style\">\n\t\t\t\t\t\t\n\t\t\t\t<div class=\"profile-header ekit-team-img\" >\n\t\t\t\t\t<img decoding=\"async\" src=\"https:\/\/agrotechnica.ro\/wp-content\/uploads\/elementor\/thumbs\/Dan-Cotici-qfgoepmqbulogtr9rqzvnq54h6ygn97gc5vvujt6w0.webp\" title=\"Dan Cotici\" alt=\"Dan Cotici\" loading=\"lazy\" \/>\t\t\t\t<\/div><!-- .profile-header END -->\n\t\t\t\t\t\t\n\n\t\t\t\t<div class=\"profile-body\">\n\t\t\t\t\t\n\t\t\t\t\t<h2 class=\"profile-title\">\n\t\t\t\t\t\t\t\t\t\t\tDan Cotici\t\t\t\t\t\t\t\t\t\t<\/h2>\n\t\t\t\t\t<p class=\"profile-designation\">CEO &amp; Founder<\/p>\n\t\t\t\t\t\t\t\t\t\t<p class=\"profile-content\">Responsible for contracting services, analyzing and executing projects<\/p>\n\t\t\t\t\t\t\t\t\t<\/div><!-- .profile-body END -->\n\n\t\t\t\t\t\t\t\t\t<div class=\"profile-footer\">\n\t\t\t\t\t\t<ul class=\"ekit-team-social-list\">\n\t\t\t<li class=\"elementor-repeater-item-e4f1d90\">\n\t\t\t<a href=\"https:\/\/facebook.com\" aria-label=\"Facebook\">\n\t\t\t\t<i aria-hidden=\"true\" class=\"icon icon-facebook\"><\/i>\t\t\t<\/a>\n\t\t<\/li>\n\t\t\t<li class=\"elementor-repeater-item-0a9a43a\">\n\t\t\t<a href=\"https:\/\/facebook.com\" aria-label=\"Twitter\">\n\t\t\t\t<i aria-hidden=\"true\" class=\"icon icon-instagram-1\"><\/i>\t\t\t<\/a>\n\t\t<\/li>\n\t\t\t<li class=\"elementor-repeater-item-56bb377\">\n\t\t\t<a href=\"https:\/\/facebook.com\" aria-label=\"Pinterest\">\n\t\t\t\t<svg aria-hidden=\"true\" class=\"e-font-icon-svg e-fab-linkedin\" viewbox=\"0 0 448 512\" xmlns=\"http:\/\/www.w3.org\/2000\/svg\"><path d=\"M416 32H31.9C14.3 32 0 46.5 0 64.3v383.4C0 465.5 14.3 480 31.9 480H416c17.6 0 32-14.5 32-32.3V64.3c0-17.8-14.4-32.3-32-32.3zM135.4 416H69V202.2h66.5V416zm-33.2-243c-21.3 0-38.5-17.3-38.5-38.5S80.9 96 102.2 96c21.2 0 38.5 17.3 38.5 38.5 0 21.3-17.2 38.5-38.5 38.5zm282.1 243h-66.4V312c0-24.8-.5-56.7-34.5-56.7-34.6 0-39.9 27-39.9 54.9V416h-66.4V202.2h63.7v29.2h.9c8.9-16.8 30.6-34.5 62.9-34.5 67.2 0 79.7 44.3 79.7 101.9V416z\"><\/path><\/svg>\t\t\t<\/a>\n\t\t<\/li>\n\t<\/ul>\n\t\t\t\t\t<\/div>\n\t\t\t\t\t\t\t\t\t<\/div>\n\t\t\t\t <\/div> \t\t\t\n\t\t\t\n\t\t\t\t<\/div>\t\t<\/div>\n\t\t\t\t<\/div>\n\t\t\t\t\t<\/div>\n\t\t<\/div>\n\t\t\t\t<div class=\"elementor-column elementor-col-25 elementor-inner-column elementor-element elementor-element-1969687\" data-id=\"1969687\" data-element_type=\"column\">\n\t\t\t<div class=\"elementor-widget-wrap elementor-element-populated\">\n\t\t\t\t\t\t\t\t<div class=\"elementor-element elementor-element-6db787d elementor-widget elementor-widget-elementskit-team\" data-id=\"6db787d\" data-element_type=\"widget\" data-widget_type=\"elementskit-team.default\">\n\t\t\t\t<div class=\"elementor-widget-container\">\n\t\t\t<div class=\"ekit-wid-con\">\t\t\t\t\t\t\t\t\n\t\t<div class=\"profile-card elementor-animation- text-center ekit-team-style-default\">\n\t\t\t\t\t\t\n\t\t\t\t<div class=\"profile-header ekit-team-img ekit-img-overlay ekit-team-img-block\" >\n\t\t\t\t\t<img decoding=\"async\" src=\"https:\/\/agrotechnica.ro\/wp-content\/uploads\/elementor\/thumbs\/Screenshot-2023-11-28-at-13.28.37-qg0v7rfepykzktk998iqikesm4r8p9n3d4wyeymp7k.png\" title=\"Screenshot 2023-11-28 at 13.28.37\" alt=\"Screenshot 2023-11-28 at 13.28.37\" loading=\"lazy\" \/>\t\t\t\t<\/div><!-- .profile-header END -->\n\t\t\t\t\t\t\n\n\t\t\t\t<div class=\"profile-body\">\n\t\t\t\t\t\n\t\t\t\t\t<h2 class=\"profile-title\">\n\t\t\t\t\t\t\t\t\t\t\tEmil Alexandrescu\t\t\t\t\t\t\t\t\t\t<\/h2>\n\t\t\t\t\t<p class=\"profile-designation\">Project Coordinator<\/p>\n\t\t\t\t\t\t\t\t\t\t<p class=\"profile-content\">Analysis, planning and coordination of all projects, verification and delivery<\/p>\n\t\t\t\t\t\t\t\t\t<\/div><!-- .profile-body END -->\n\n\t\t\t\t\t\t\t\t\t<div class=\"profile-footer\">\n\t\t\t\t\t\t<ul class=\"ekit-team-social-list\">\n\t\t\t<li class=\"elementor-repeater-item-e4f1d90\">\n\t\t\t<a href=\"https:\/\/facebook.com\" aria-label=\"Facebook\">\n\t\t\t\t<i aria-hidden=\"true\" class=\"icon icon-facebook\"><\/i>\t\t\t<\/a>\n\t\t<\/li>\n\t\t\t<li class=\"elementor-repeater-item-0a9a43a\">\n\t\t\t<a href=\"https:\/\/facebook.com\" aria-label=\"Twitter\">\n\t\t\t\t<i aria-hidden=\"true\" class=\"icon icon-twitter\"><\/i>\t\t\t<\/a>\n\t\t<\/li>\n\t\t\t<li class=\"elementor-repeater-item-56bb377\">\n\t\t\t<a href=\"https:\/\/facebook.com\" aria-label=\"Pinterest\">\n\t\t\t\t<i aria-hidden=\"true\" class=\"icon icon-pinterest\"><\/i>\t\t\t<\/a>\n\t\t<\/li>\n\t<\/ul>\n\t\t\t\t\t<\/div>\n\t\t\t\t\t\t\t\t\t<\/div>\n\t\t\t\t\t\t\t\n\t\t\t\n\t\t\t\t<\/div>\t\t<\/div>\n\t\t\t\t<\/div>\n\t\t\t\t\t<\/div>\n\t\t<\/div>\n\t\t\t\t<div class=\"elementor-column elementor-col-25 elementor-inner-column elementor-element elementor-element-9d6d80a\" data-id=\"9d6d80a\" data-element_type=\"column\">\n\t\t\t<div class=\"elementor-widget-wrap elementor-element-populated\">\n\t\t\t\t\t\t\t\t<div class=\"elementor-element elementor-element-201babf elementor-widget elementor-widget-elementskit-team\" data-id=\"201babf\" data-element_type=\"widget\" data-widget_type=\"elementskit-team.default\">\n\t\t\t\t<div class=\"elementor-widget-container\">\n\t\t\t<div class=\"ekit-wid-con\">\t\t\t\t\t\t\t\t\n\t\t<div class=\"profile-card elementor-animation- text-center ekit-team-style-default\">\n\t\t\t\t\t\t\n\t\t\t\t<div class=\"profile-header ekit-team-img ekit-img-overlay ekit-team-img-block\" >\n\t\t\t\t\t<img decoding=\"async\" src=\"https:\/\/agrotechnica.ro\/wp-content\/uploads\/elementor\/thumbs\/Screenshot-2023-11-28-at-13.28.45-qg0v7no1ymfuadppv6w88lcy8l9ruh860mb0hus9wg.png\" title=\"Screenshot 2023-11-28 at 13.28.45\" alt=\"Screenshot 2023-11-28 at 13.28.45\" loading=\"lazy\" \/>\t\t\t\t<\/div><!-- .profile-header END -->\n\t\t\t\t\t\t\n\n\t\t\t\t<div class=\"profile-body\">\n\t\t\t\t\t\n\t\t\t\t\t<h2 class=\"profile-title\">\n\t\t\t\t\t\t\t\t\t\t\tRobert Marin\t\t\t\t\t\t\t\t\t\t<\/h2>\n\t\t\t\t\t<p class=\"profile-designation\">Marketing<\/p>\n\t\t\t\t\t\t\t\t\t\t<p class=\"profile-content\">Data collection, analysis and processing, logistics<\/p>\n\t\t\t\t\t\t\t\t\t<\/div><!-- .profile-body END -->\n\n\t\t\t\t\t\t\t\t\t<div class=\"profile-footer\">\n\t\t\t\t\t\t<ul class=\"ekit-team-social-list\">\n\t\t\t<li class=\"elementor-repeater-item-e4f1d90\">\n\t\t\t<a href=\"https:\/\/facebook.com\" aria-label=\"Facebook\">\n\t\t\t\t<i aria-hidden=\"true\" class=\"icon icon-facebook\"><\/i>\t\t\t<\/a>\n\t\t<\/li>\n\t\t\t<li class=\"elementor-repeater-item-0a9a43a\">\n\t\t\t<a href=\"https:\/\/facebook.com\" aria-label=\"Twitter\">\n\t\t\t\t<i aria-hidden=\"true\" class=\"icon icon-twitter\"><\/i>\t\t\t<\/a>\n\t\t<\/li>\n\t\t\t<li class=\"elementor-repeater-item-56bb377\">\n\t\t\t<a href=\"https:\/\/facebook.com\" aria-label=\"Pinterest\">\n\t\t\t\t<i aria-hidden=\"true\" class=\"icon icon-pinterest\"><\/i>\t\t\t<\/a>\n\t\t<\/li>\n\t<\/ul>\n\t\t\t\t\t<\/div>\n\t\t\t\t\t\t\t\t\t<\/div>\n\t\t\t\t\t\t\t\n\t\t\t\n\t\t\t\t<\/div>\t\t<\/div>\n\t\t\t\t<\/div>\n\t\t\t\t\t<\/div>\n\t\t<\/div>\n\t\t\t\t<div class=\"elementor-column elementor-col-25 elementor-inner-column elementor-element elementor-element-b03c0d5\" data-id=\"b03c0d5\" data-element_type=\"column\">\n\t\t\t<div class=\"elementor-widget-wrap elementor-element-populated\">\n\t\t\t\t\t\t\t\t<div class=\"elementor-element elementor-element-2a6bc4a elementor-widget elementor-widget-elementskit-team\" data-id=\"2a6bc4a\" data-element_type=\"widget\" data-widget_type=\"elementskit-team.default\">\n\t\t\t\t<div class=\"elementor-widget-container\">\n\t\t\t<div class=\"ekit-wid-con\">\t\t\t\t\t\t\t\t\n\t\t<div class=\"profile-card elementor-animation- text-center ekit-team-style-default\">\n\t\t\t\t\t\t\n\t\t\t\t<div class=\"profile-header ekit-team-img ekit-img-overlay ekit-team-img-block\" >\n\t\t\t\t\t<img decoding=\"async\" src=\"https:\/\/agrotechnica.ro\/wp-content\/uploads\/elementor\/thumbs\/Screenshot-2023-11-28-at-13.28.55-qg0v7jwp7aaozxv6h59pymb3v1sazot8o3p2kqxulc.png\" title=\"Screenshot 2023-11-28 at 13.28.55\" alt=\"Screenshot 2023-11-28 at 13.28.55\" loading=\"lazy\" \/>\t\t\t\t<\/div><!-- .profile-header END -->\n\t\t\t\t\t\t\n\n\t\t\t\t<div class=\"profile-body\">\n\t\t\t\t\t\n\t\t\t\t\t<h2 class=\"profile-title\">\n\t\t\t\t\t\t\t\t\t\t\tAlin Alexandrescu\t\t\t\t\t\t\t\t\t\t<\/h2>\n\t\t\t\t\t<p class=\"profile-designation\">Measurements and data processing, logistics<\/p>\n\t\t\t\t\t\t\t\t\t\t<p class=\"profile-content\">Data collection, analysis and processing, logistics<\/p>\n\t\t\t\t\t\t\t\t\t<\/div><!-- .profile-body END -->\n\n\t\t\t\t\t\t\t\t\t<div class=\"profile-footer\">\n\t\t\t\t\t\t<ul class=\"ekit-team-social-list\">\n\t\t\t<li class=\"elementor-repeater-item-e4f1d90\">\n\t\t\t<a href=\"https:\/\/facebook.com\" aria-label=\"Facebook\">\n\t\t\t\t<i aria-hidden=\"true\" class=\"icon icon-facebook\"><\/i>\t\t\t<\/a>\n\t\t<\/li>\n\t\t\t<li class=\"elementor-repeater-item-0a9a43a\">\n\t\t\t<a href=\"https:\/\/facebook.com\" aria-label=\"Twitter\">\n\t\t\t\t<i aria-hidden=\"true\" class=\"icon icon-twitter\"><\/i>\t\t\t<\/a>\n\t\t<\/li>\n\t\t\t<li class=\"elementor-repeater-item-56bb377\">\n\t\t\t<a href=\"https:\/\/facebook.com\" aria-label=\"Pinterest\">\n\t\t\t\t<i aria-hidden=\"true\" class=\"icon icon-pinterest\"><\/i>\t\t\t<\/a>\n\t\t<\/li>\n\t<\/ul>\n\t\t\t\t\t<\/div>\n\t\t\t\t\t\t\t\t\t<\/div>\n\t\t\t\t\t\t\t\n\t\t\t\n\t\t\t\t<\/div>\t\t<\/div>\n\t\t\t\t<\/div>\n\t\t\t\t\t<\/div>\n\t\t<\/div>\n\t\t\t\t\t\t\t<\/div>\n\t\t<\/section>\n\t\t\t\t\t<\/div>\n\t\t<\/div>\n\t\t\t\t\t\t\t<\/div>\n\t\t<\/section>\n\t\t\t\t\t\t\t<\/div>","protected":false},"excerpt":{"rendered":"<p>despre noi Suntem o companie t\u00e2n\u0103r\u0103 cu un capital uman format in cele mai prestigioase universit\u0103\u021bi din \u021bara \u0219i de peste hotare, cu o baza solida de informa\u021bii \u0219i cuno\u0219tin\u021be pentru a r\u0103spunde eficient, celor mai exigente provoc\u0103ri din domeniul nostru de activitate. Dan Cotici CEO &#038; Founder +40 799 599 299 +40 799 094 [&hellip;]<\/p>","protected":false},"author":1,"featured_media":0,"parent":0,"menu_order":0,"comment_status":"closed","ping_status":"closed","template":"","meta":{"footnotes":""},"class_list":["post-189","page","type-page","status-publish","hentry"],"_links":{"self":[{"href":"https:\/\/agrotechnica.ro\/en\/wp-json\/wp\/v2\/pages\/189","targetHints":{"allow":["GET"]}}],"collection":[{"href":"https:\/\/agrotechnica.ro\/en\/wp-json\/wp\/v2\/pages"}],"about":[{"href":"https:\/\/agrotechnica.ro\/en\/wp-json\/wp\/v2\/types\/page"}],"author":[{"embeddable":true,"href":"https:\/\/agrotechnica.ro\/en\/wp-json\/wp\/v2\/users\/1"}],"replies":[{"embeddable":true,"href":"https:\/\/agrotechnica.ro\/en\/wp-json\/wp\/v2\/comments?post=189"}],"version-history":[{"count":21,"href":"https:\/\/agrotechnica.ro\/en\/wp-json\/wp\/v2\/pages\/189\/revisions"}],"predecessor-version":[{"id":569,"href":"https:\/\/agrotechnica.ro\/en\/wp-json\/wp\/v2\/pages\/189\/revisions\/569"}],"wp:attachment":[{"href":"https:\/\/agrotechnica.ro\/en\/wp-json\/wp\/v2\/media?parent=189"}],"curies":[{"name":"wp","href":"https:\/\/api.w.org\/{rel}","templated":true}]}}